{"id":125,"date":"2019-04-27T01:37:57","date_gmt":"2019-04-26T23:37:57","guid":{"rendered":"https:\/\/www.nachhilfe-vermittlung.com\/magazin\/?page_id=125"},"modified":"2019-04-27T04:59:07","modified_gmt":"2019-04-27T02:59:07","slug":"andere","status":"publish","type":"page","link":"https:\/\/www.nachhilfe-vermittlung.com\/magazin\/andere\/","title":{"rendered":"+ andere"},"content":{"rendered":"\n<p>Wir vermitteln nicht nur Nachhilfelehrer\/innen und Dozenten, sondern auch:<br><br>Babysitter\/innen<br>Tiersitter \/ Hundesitter\/innen<br>Umzugshelfer \/ M\u00f6belpacker\/innen<br>Promoter\/innen<br>Messehostess<br>Servicekr\u00e4fte (Gastro)<br>Seniorenbetreuer\/innen<br>Texter\/innen<br>Kellner\/innen<br>&amp; Nikol\u00e4use, z.B. f\u00fcr Weihnachtsfeiern <br><br>Du hast einen Vorschlag f\u00fcr eine Art von Nebenjob, die hier nicht erw\u00e4hnt ist, und welche wir zus\u00e4tzlich aufnehmen k\u00f6nnten?<br><br>[ninja_form id=3] <\/p>\n","protected":false},"excerpt":{"rendered":"<p>Wir vermitteln nicht nur Nachhilfelehrer\/innen und Dozenten, sondern auch: Babysitter\/innenTiersitter \/ Hundesitter\/innenUmzugshelfer \/ M\u00f6belpacker\/innenPromoter\/innenMessehostessServicekr\u00e4fte (Gastro)Seniorenbetreuer\/innenTexter\/innenKellner\/innen&amp; Nikol\u00e4use, z.B. f\u00fcr Weihnachtsfeiern Du hast einen Vorschlag f\u00fcr<\/p>\n","protected":false},"author":1,"featured_media":0,"parent":0,"menu_order":0,"comment_status":"closed","ping_status":"closed","template":"","meta":{"advgb_blocks_editor_width":"","advgb_blocks_columns_visual_guide":"","footnotes":""},"coauthors":[],"author_meta":{"author_link":"https:\/\/www.nachhilfe-vermittlung.com\/magazin\/author\/dlepold\/","display_name":"dlepold"},"relative_dates":{"created":"Posted 7\u00a0Jahren ago","modified":"Updated 7\u00a0Jahren ago"},"absolute_dates":{"created":"Posted on 27. April 2019","modified":"Updated on 27. April 2019"},"absolute_dates_time":{"created":"Posted on 27. April 2019 1:37","modified":"Updated on 27. April 2019 4:59"},"featured_img_caption":"","featured_img":false,"series_order":"","_links":{"self":[{"href":"https:\/\/www.nachhilfe-vermittlung.com\/magazin\/wp-json\/wp\/v2\/pages\/125"}],"collection":[{"href":"https:\/\/www.nachhilfe-vermittlung.com\/magazin\/wp-json\/wp\/v2\/pages"}],"about":[{"href":"https:\/\/www.nachhilfe-vermittlung.com\/magazin\/wp-json\/wp\/v2\/types\/page"}],"author":[{"embeddable":true,"href":"https:\/\/www.nachhilfe-vermittlung.com\/magazin\/wp-json\/wp\/v2\/users\/1"}],"replies":[{"embeddable":true,"href":"https:\/\/www.nachhilfe-vermittlung.com\/magazin\/wp-json\/wp\/v2\/comments?post=125"}],"version-history":[{"count":4,"href":"https:\/\/www.nachhilfe-vermittlung.com\/magazin\/wp-json\/wp\/v2\/pages\/125\/revisions"}],"predecessor-version":[{"id":183,"href":"https:\/\/www.nachhilfe-vermittlung.com\/magazin\/wp-json\/wp\/v2\/pages\/125\/revisions\/183"}],"wp:attachment":[{"href":"https:\/\/www.nachhilfe-vermittlung.com\/magazin\/wp-json\/wp\/v2\/media?parent=125"}],"curies":[{"name":"wp","href":"https:\/\/api.w.org\/{rel}","templated":true}]}}