{"id":305,"date":"2019-06-03T21:10:08","date_gmt":"2019-06-03T19:10:08","guid":{"rendered":"https:\/\/www.nachhilfe-vermittlung.com\/magazin\/adverts\/add\/"},"modified":"2019-06-04T01:37:02","modified_gmt":"2019-06-03T23:37:02","slug":"add","status":"publish","type":"page","link":"https:\/\/www.nachhilfe-vermittlung.com\/magazin\/adverts\/add\/","title":{"rendered":"Kleinanzeige erstellen"},"content":{"rendered":"<p><strong>Kostenlos<\/strong>:<br \/>\nGegenst\u00e4nde, privater Verkauf, wie z.B. B\u00fccher, gebrauchte DVDs, ohne Angabe von Weblinks o. \u00e4.<\/p>\n<p><strong>Kostenpflichtig:<\/strong><br \/>\nKommerzielle Werbeanzeigen f\u00fcr Firmen, Institute und Anbietern von kostenpflichtigen Services.<\/p>\n<p>Alle Anzeigen werden von Mitarbeitern gesichtet und freigeschaltet.<br \/>\nUnpassende Eintragungen werden gel\u00f6scht.<br \/>\nEs gelten die Datenschutzbestimmungen, die AGB und das Widerrufsrecht laut AGB.<\/p>\n\r\n                    \r\n    \r\n<form action=\"\" method=\"post\" class=\"adverts-form adverts-form-aligned\">\r\n    <fieldset>\r\n        \r\n                <input type=\"hidden\" name=\"_post_id\" id=\"_post_id\"  \/>                <input type=\"hidden\" name=\"_adverts_action\" id=\"_adverts_action\" value=\"preview\"  \/>                \r\n                \r\n        <div class=\"adverts-control-group adverts-field-header adverts-field-name-_contact_information \">\r\n            \r\n                        <div class=\"adverts-field-header\">\r\n                <span class=\"adverts-field-header-title\">Kontakt Information<\/span>\r\n                            <\/div>\r\n                        \r\n                        \r\n        <\/div>\r\n                \r\n        <div class=\"adverts-control-group adverts-field-account adverts-field-name-_adverts_account \">\r\n            \r\n                        \r\n            <label for=\"_adverts_account\">\r\n                Konto                            <\/label>\r\n            \r\n            <div class=\"adverts-form-input-group adverts-form-input-group-checkbox adverts-field-rows-1\" ><div ><label for=\"_adverts_account_1\" ><input type=\"checkbox\" name=\"_adverts_account[]\" id=\"_adverts_account_1\" value=\"1\"  \/> Konto anlegen, damit ich alle meine Kleinanzeigen verwalten kann (Passwort wird gemailt) oder <a href=\"https:\/\/www.nachhilfe-vermittlung.com\/magazin\/wp-login.php?redirect_to=https%3A%2F%2Fwww.nachhilfe-vermittlung.com%2Fmagazin%2Fadverts%2Fadd%2F\">Anmelden<\/a><\/label><\/div><\/div>\r\n                        \r\n                        \r\n        <\/div>\r\n                \r\n        <div class=\"adverts-control-group adverts-field-text adverts-field-name-adverts_person \">\r\n            \r\n                        \r\n            <label for=\"adverts_person\">\r\n                Kontaktperson                                <span class=\"adverts-form-required\">*<\/span>\r\n                            <\/label>\r\n            \r\n            <input type=\"text\" name=\"adverts_person\" id=\"adverts_person\"  \/>\r\n                        \r\n                        \r\n        <\/div>\r\n                \r\n        <div class=\"adverts-control-group adverts-field-text adverts-field-name-adverts_email \">\r\n            \r\n                        \r\n            <label for=\"adverts_email\">\r\n                Email                                <span class=\"adverts-form-required\">*<\/span>\r\n                            <\/label>\r\n            \r\n            <input type=\"text\" name=\"adverts_email\" id=\"adverts_email\"  \/>\r\n                        \r\n                        \r\n        <\/div>\r\n                \r\n        <div class=\"adverts-control-group adverts-field-text adverts-field-name-adverts_phone \">\r\n            \r\n                        \r\n            <label for=\"adverts_phone\">\r\n                Telefonnummer                            <\/label>\r\n            \r\n            <input type=\"text\" name=\"adverts_phone\" id=\"adverts_phone\"  \/>\r\n                        \r\n                        \r\n        <\/div>\r\n                \r\n        <div class=\"adverts-control-group adverts-field-header adverts-field-name-_item_information \">\r\n            \r\n                        <div class=\"adverts-field-header\">\r\n                <span class=\"adverts-field-header-title\">Artikel Information<\/span>\r\n                            <\/div>\r\n                        \r\n                        \r\n        <\/div>\r\n                \r\n        <div class=\"adverts-control-group adverts-field-text adverts-field-name-post_title \">\r\n            \r\n                        \r\n            <label for=\"post_title\">\r\n                \u00dcberschrift                                <span class=\"adverts-form-required\">*<\/span>\r\n                            <\/label>\r\n            \r\n            <input type=\"text\" name=\"post_title\" id=\"post_title\"  \/>\r\n                        \r\n                        \r\n        <\/div>\r\n                \r\n        <div class=\"adverts-control-group adverts-field-select adverts-field-name-advert_category \">\r\n            \r\n                        \r\n            <label for=\"advert_category\">\r\n                Kategorie                            <\/label>\r\n            \r\n            <select id=\"advert_category\" name=\"advert_category[]\" class=\" adverts-multiselect adverts-max-choices[10]\" multiple=\"multiple\" ><option value=\"28\" >Allgemein<\/option><option value=\"25\" >B\u00fccher<\/option><option value=\"27\" >CDs, Videos, DVDs<\/option><option value=\"26\" >Schulungen<\/option><\/select>\r\n                        \r\n                        \r\n        <\/div>\r\n                \r\n        <div class=\"adverts-control-group adverts-field-gallery adverts-field-name-gallery \">\r\n            \r\n                        \r\n            <label for=\"gallery\">\r\n                Bildergalerie                            <\/label>\r\n            \r\n            <input type=\"hidden\" id=\"adverts_gallery_content_nonce\" name=\"adverts_gallery_content_nonce\" value=\"f4bf15c88e\" \/><input type=\"hidden\" name=\"_wp_http_referer\" value=\"\/magazin\/wp-json\/wp\/v2\/pages\/305\" \/>\n\n\n    <div id=\"adverts-plupload-upload-ui-gallery\" class=\"adverts-plupload-upload-ui adverts-browser-frontend\">\n        <div id=\"adverts-drag-drop-area-gallery\"class=\"adverts-drag-drop-area\">\n        \n        <\/div>\n        <div class=\"adverts-gallery\">\n            <p>Dateien hierhin ziehen, um sie hinzuzuf\u00fcgen.<\/p>\n            <p><a href=\"#\" id=\"adverts-plupload-browse-button-gallery\" class=\"adverts-plupload-browse-button adverts-button\">Dateien durchsuchen ...<\/a><\/p>\n        <\/div>\n        <div class=\"adverts-gallery-uploads\">\n\n        <\/div>\n\n    <\/div>\n    \n            \n        \n    \n    <script type=\"text\/javascript\">\n    if(typeof ADVERTS_PLUPLOAD_DATA === \"undefined\") {\n        var ADVERTS_PLUPLOAD_DATA = [];\n    }\n    ADVERTS_PLUPLOAD_DATA.push({\"init\":{\"runtimes\":\"html5,silverlight,flash,html4\",\"browse_button\":\"adverts-plupload-browse-button-gallery\",\"container\":\"adverts-plupload-upload-ui-gallery\",\"drop_element\":\"adverts-drag-drop-area-gallery\",\"file_data_name\":\"async-upload\",\"multiple_queues\":true,\"max_file_size\":\"2097152b\",\"url\":\"https:\\\/\\\/www.nachhilfe-vermittlung.com\\\/magazin\\\/wp-admin\\\/admin-ajax.php\",\"flash_swf_url\":\"https:\\\/\\\/www.nachhilfe-vermittlung.com\\\/magazin\\\/wp-includes\\\/js\\\/plupload\\\/plupload.flash.swf\",\"silverlight_xap_url\":\"https:\\\/\\\/www.nachhilfe-vermittlung.com\\\/magazin\\\/wp-includes\\\/js\\\/plupload\\\/plupload.silverlight.xap\",\"filters\":[{\"title\":\"Zul\\u00e4ssige Dateitypen\",\"extensions\":\"*\"}],\"multipart\":true,\"urlstream_upload\":true,\"multipart_params\":{\"_ajax_nonce\":\"32a131e3ef\",\"action\":\"adverts_gallery_upload\",\"form\":\"adverts_add\",\"field_name\":\"gallery\"}},\"data\":[],\"conf\":{\"button_class\":\"adverts-button\",\"post_id_input\":\"#_post_id\"},\"sizes\":{\"adverts_gallery\":{\"enabled\":1,\"width\":650,\"height\":300,\"crop\":true},\"adverts_list\":{\"enabled\":1,\"width\":310,\"height\":190,\"crop\":true},\"adverts_upload_thumbnail\":{\"enabled\":1,\"width\":150,\"height\":105,\"crop\":true}}});\n    \n    if(typeof ADVERTS_IMAGE_SIZES === \"undefined\") {\n        var ADVERTS_IMAGE_SIZES = {\"adverts_gallery\":{\"enabled\":1,\"width\":650,\"height\":300,\"crop\":true},\"adverts_list\":{\"enabled\":1,\"width\":310,\"height\":190,\"crop\":true},\"adverts_upload_thumbnail\":{\"enabled\":1,\"width\":150,\"height\":105,\"crop\":true}};\n    }\n    <\/script>\n    \r\n                        \r\n                        \r\n        <\/div>\r\n                \r\n        <div class=\"adverts-control-group adverts-field-textarea adverts-field-name-post_content \">\r\n            \r\n                        \r\n            <label for=\"post_content\">\r\n                Beschreibung                                <span class=\"adverts-form-required\">*<\/span>\r\n                            <\/label>\r\n            \r\n            <div id=\"wp-post_content-wrap\" class=\"wp-core-ui wp-editor-wrap tmce-active\"><link rel='stylesheet' id='dashicons-css' href='https:\/\/www.nachhilfe-vermittlung.com\/magazin\/wp-includes\/css\/dashicons.min.css?ver=6.5.8' type='text\/css' media='all' \/>\n<link rel='stylesheet' id='editor-buttons-css' href='https:\/\/www.nachhilfe-vermittlung.com\/magazin\/wp-includes\/css\/editor.min.css?ver=6.5.8' type='text\/css' media='all' \/>\n<div id=\"wp-post_content-editor-container\" class=\"wp-editor-container\"><textarea class=\"wp-editor-area\" rows=\"8\" autocomplete=\"off\" cols=\"40\" name=\"post_content\" id=\"post_content\"><\/textarea><\/div>\n<\/div>\n\n\r\n                        \r\n                        \r\n        <\/div>\r\n                \r\n        <div class=\"adverts-control-group adverts-field-text adverts-field-name-adverts_price \">\r\n            \r\n                        \r\n            <label for=\"adverts_price\">\r\n                Preis                            <\/label>\r\n            \r\n            <input type=\"text\" name=\"adverts_price\" id=\"adverts_price\" class=\"adverts-filter-money\"  \/>\r\n                        \r\n                        \r\n        <\/div>\r\n                \r\n        <div class=\"adverts-control-group adverts-field-text adverts-field-name-adverts_location \">\r\n            \r\n                        \r\n            <label for=\"adverts_location\">\r\n                Ort                            <\/label>\r\n            \r\n            <input type=\"text\" name=\"adverts_location\" id=\"adverts_location\"  \/>\r\n                        \r\n                        \r\n        <\/div>\r\n                \r\n        <div class=\"adverts-control-group adverts-field-header adverts-field-name-_listing_information \">\r\n            \r\n                        <div class=\"adverts-field-header\">\r\n                <span class=\"adverts-field-header-title\">Eintrag Information<\/span>\r\n                            <\/div>\r\n                        \r\n                        \r\n        <\/div>\r\n                \r\n        <div class=\"adverts-control-group adverts-payments-field-payment adverts-field-name-payments_listing_type \">\r\n            \r\n                        \r\n            <label for=\"payments_listing_type\">\r\n                Eintrag                                <span class=\"adverts-form-required\">*<\/span>\r\n                            <\/label>\r\n            \r\n            <div class=\"adverts-pricings-list\">\r\n        <div class=\"adverts-listing-type-x \">\r\n\r\n            <label class=\"adverts-cute-input adverts-cute-radio \" for=\"payments_listing_type_309\">\r\n                <input name=\"payments_listing_type\" class=\"adverts-listing-type-input\" id=\"payments_listing_type_309\" type=\"radio\" value=\"309\"  checked='checked'  \/>\r\n                <div class=\"adverts-cute-input-indicator\"><\/div>\r\n            <\/label>\r\n\r\n            <div class=\"adverts-listing-type-field\">\r\n                <div class=\"adverts-listing-type-name\">\r\n                    <span class=\"adverts-listing-type-title\">Premium<\/span>\r\n\r\n                <\/div>\r\n\r\n                <div class=\"adverts-listing-type-features\">\r\n                    <span class=\"adverts-listing-type-feature-duration\">\r\n                        <span class=\"adverts-listing-type-icon adverts-icon-clock\"><\/span>\r\n                                                Sichtbar 120 Tage                                            <\/span>\r\n\r\n                                    <\/div>\r\n\r\n                                <div class=\"adverts-listing-type-features adverts-listing-type-icon adverts-icon-info\">\r\n                    3 Monate, kostenpflichtig                <\/div>\r\n                            <\/div>\r\n\r\n            <span class=\"adverts-listing-type-cost\">\r\n                \u20ac50,00            <\/span>\r\n        <\/div>\r\n\r\n        \r\n        <div class=\"adverts-listing-type-x \">\r\n\r\n            <label class=\"adverts-cute-input adverts-cute-radio \" for=\"payments_listing_type_308\">\r\n                <input name=\"payments_listing_type\" class=\"adverts-listing-type-input\" id=\"payments_listing_type_308\" type=\"radio\" value=\"308\"   \/>\r\n                <div class=\"adverts-cute-input-indicator\"><\/div>\r\n            <\/label>\r\n\r\n            <div class=\"adverts-listing-type-field\">\r\n                <div class=\"adverts-listing-type-name\">\r\n                    <span class=\"adverts-listing-type-title\">Free<\/span>\r\n\r\n                <\/div>\r\n\r\n                <div class=\"adverts-listing-type-features\">\r\n                    <span class=\"adverts-listing-type-feature-duration\">\r\n                        <span class=\"adverts-listing-type-icon adverts-icon-clock\"><\/span>\r\n                                                Sichtbar 60 Tage                                            <\/span>\r\n\r\n                                    <\/div>\r\n\r\n                                <div class=\"adverts-listing-type-features adverts-listing-type-icon adverts-icon-info\">\r\n                    Kostenlos                <\/div>\r\n                            <\/div>\r\n\r\n            <span class=\"adverts-listing-type-cost\">\r\n                Kostenlos            <\/span>\r\n        <\/div>\r\n\r\n        <\/div>\r\n                        \r\n                        \r\n        <\/div>\r\n                \r\n        <div class=\"adverts-control-group adverts-field-actions\">\r\n\r\n            <input type=\"submit\" name=\"submit\" value=\"Voransicht\" style=\"font-size:1.2em\" class=\"adverts-cancel-unload\" \/>\r\n        <\/div>\r\n        \r\n    <\/fieldset>\r\n<\/form>\n","protected":false},"excerpt":{"rendered":"<p>Kostenlos: Gegenst\u00e4nde, privater Verkauf, wie z.B. B\u00fccher, gebrauchte DVDs, ohne Angabe von Weblinks o. \u00e4. Kostenpflichtig: Kommerzielle Werbeanzeigen f\u00fcr Firmen, Institute und Anbietern von<\/p>\n","protected":false},"author":1,"featured_media":0,"parent":304,"menu_order":0,"comment_status":"closed","ping_status":"closed","template":"","meta":{"advgb_blocks_editor_width":"","advgb_blocks_columns_visual_guide":"","footnotes":""},"coauthors":[],"author_meta":{"author_link":"https:\/\/www.nachhilfe-vermittlung.com\/magazin\/author\/dlepold\/","display_name":"dlepold"},"relative_dates":{"created":"Posted 7\u00a0Jahren ago","modified":"Updated 7\u00a0Jahren ago"},"absolute_dates":{"created":"Posted on 3. Juni 2019","modified":"Updated on 4. Juni 2019"},"absolute_dates_time":{"created":"Posted on 3. Juni 2019 21:10","modified":"Updated on 4. Juni 2019 1:37"},"featured_img_caption":"","featured_img":false,"series_order":"","_links":{"self":[{"href":"https:\/\/www.nachhilfe-vermittlung.com\/magazin\/wp-json\/wp\/v2\/pages\/305"}],"collection":[{"href":"https:\/\/www.nachhilfe-vermittlung.com\/magazin\/wp-json\/wp\/v2\/pages"}],"about":[{"href":"https:\/\/www.nachhilfe-vermittlung.com\/magazin\/wp-json\/wp\/v2\/types\/page"}],"author":[{"embeddable":true,"href":"https:\/\/www.nachhilfe-vermittlung.com\/magazin\/wp-json\/wp\/v2\/users\/1"}],"replies":[{"embeddable":true,"href":"https:\/\/www.nachhilfe-vermittlung.com\/magazin\/wp-json\/wp\/v2\/comments?post=305"}],"version-history":[{"count":2,"href":"https:\/\/www.nachhilfe-vermittlung.com\/magazin\/wp-json\/wp\/v2\/pages\/305\/revisions"}],"predecessor-version":[{"id":354,"href":"https:\/\/www.nachhilfe-vermittlung.com\/magazin\/wp-json\/wp\/v2\/pages\/305\/revisions\/354"}],"up":[{"embeddable":true,"href":"https:\/\/www.nachhilfe-vermittlung.com\/magazin\/wp-json\/wp\/v2\/pages\/304"}],"wp:attachment":[{"href":"https:\/\/www.nachhilfe-vermittlung.com\/magazin\/wp-json\/wp\/v2\/media?parent=305"}],"curies":[{"name":"wp","href":"https:\/\/api.w.org\/{rel}","templated":true}]}}