{"id":77,"date":"2019-04-27T01:04:33","date_gmt":"2019-04-26T23:04:33","guid":{"rendered":"https:\/\/www.nachhilfe-vermittlung.com\/magazin\/?page_id=77"},"modified":"2019-04-29T08:41:28","modified_gmt":"2019-04-29T06:41:28","slug":"umzugshelfer","status":"publish","type":"page","link":"https:\/\/www.nachhilfe-vermittlung.com\/magazin\/umzugshelfer\/","title":{"rendered":"Umzugshelfer"},"content":{"rendered":"\n<p>Nebenjob Umzugshelfer oder M\u00f6belpacker. Der perfekte Gelegenheitsjob f\u00fcr starke, spontane und verantwortliche Studenten, die anpacken k\u00f6nnen und verantwortlich sind. <\/p>\n\n\n\n<p>Wer als Nachhilfelehrer bei uns registriert ist, kann optional auch Angebote als Umzugshelfer erhalten. Daf\u00fcr nach der Anmeldung als Nachhilfelehrer einfach die betreffenden K\u00e4stchen anhaken, fertig. Die Gelegenheitsjobs in Deiner N\u00e4he als Umzugshelfer oder M\u00f6belpacker werden dann automatisch per E-Mail und\/oder SMS an dich weitergeleitet. Kostenlos und unverbindlich. <\/p>\n\n\n\n<figure class=\"wp-block-image alignfull\"><img loading=\"lazy\" decoding=\"async\" width=\"455\" height=\"450\" src=\"https:\/\/www.nachhilfe-vermittlung.com\/magazin\/wp-content\/uploads\/2019\/04\/umzugshelfer_gruen_noUrlBut-Umzugshelfer.jpg\" alt=\"\" class=\"wp-image-114\" srcset=\"https:\/\/www.nachhilfe-vermittlung.com\/magazin\/wp-content\/uploads\/2019\/04\/umzugshelfer_gruen_noUrlBut-Umzugshelfer.jpg 455w, https:\/\/www.nachhilfe-vermittlung.com\/magazin\/wp-content\/uploads\/2019\/04\/umzugshelfer_gruen_noUrlBut-Umzugshelfer-300x297.jpg 300w\" sizes=\"(max-width: 455px) 100vw, 455px\" \/><figcaption>Nebenjob zum Anpacken<br><\/figcaption><\/figure>\n","protected":false},"excerpt":{"rendered":"<p>Nebenjob Umzugshelfer oder M\u00f6belpacker. Der perfekte Gelegenheitsjob f\u00fcr starke, spontane und verantwortliche Studenten, die anpacken k\u00f6nnen und verantwortlich sind. Wer als Nachhilfelehrer bei uns<\/p>\n","protected":false},"author":1,"featured_media":113,"parent":0,"menu_order":0,"comment_status":"closed","ping_status":"closed","template":"","meta":{"advgb_blocks_editor_width":"","advgb_blocks_columns_visual_guide":"","footnotes":""},"coauthors":[],"author_meta":{"author_link":"https:\/\/www.nachhilfe-vermittlung.com\/magazin\/author\/dlepold\/","display_name":"dlepold"},"relative_dates":{"created":"Posted 7\u00a0Jahren ago","modified":"Updated 7\u00a0Jahren ago"},"absolute_dates":{"created":"Posted on 27. April 2019","modified":"Updated on 29. April 2019"},"absolute_dates_time":{"created":"Posted on 27. April 2019 1:04","modified":"Updated on 29. April 2019 8:41"},"featured_img_caption":"","featured_img":"https:\/\/www.nachhilfe-vermittlung.com\/magazin\/wp-content\/uploads\/2019\/04\/umzugshelfer_gruen_mitschrift_logolike_redarm.jpg","series_order":"","_links":{"self":[{"href":"https:\/\/www.nachhilfe-vermittlung.com\/magazin\/wp-json\/wp\/v2\/pages\/77"}],"collection":[{"href":"https:\/\/www.nachhilfe-vermittlung.com\/magazin\/wp-json\/wp\/v2\/pages"}],"about":[{"href":"https:\/\/www.nachhilfe-vermittlung.com\/magazin\/wp-json\/wp\/v2\/types\/page"}],"author":[{"embeddable":true,"href":"https:\/\/www.nachhilfe-vermittlung.com\/magazin\/wp-json\/wp\/v2\/users\/1"}],"replies":[{"embeddable":true,"href":"https:\/\/www.nachhilfe-vermittlung.com\/magazin\/wp-json\/wp\/v2\/comments?post=77"}],"version-history":[{"count":4,"href":"https:\/\/www.nachhilfe-vermittlung.com\/magazin\/wp-json\/wp\/v2\/pages\/77\/revisions"}],"predecessor-version":[{"id":246,"href":"https:\/\/www.nachhilfe-vermittlung.com\/magazin\/wp-json\/wp\/v2\/pages\/77\/revisions\/246"}],"wp:featuredmedia":[{"embeddable":true,"href":"https:\/\/www.nachhilfe-vermittlung.com\/magazin\/wp-json\/wp\/v2\/media\/113"}],"wp:attachment":[{"href":"https:\/\/www.nachhilfe-vermittlung.com\/magazin\/wp-json\/wp\/v2\/media?parent=77"}],"curies":[{"name":"wp","href":"https:\/\/api.w.org\/{rel}","templated":true}]}}